{"id":241,"date":"2025-01-29T19:24:17","date_gmt":"2025-01-29T19:24:17","guid":{"rendered":"https:\/\/dev.legendstrails.be\/?page_id=241"},"modified":"2026-03-19T20:09:47","modified_gmt":"2026-03-19T20:09:47","slug":"home-3","status":"publish","type":"page","link":"https:\/\/www.legendstrails.be\/?page_id=241&lang=fr","title":{"rendered":"Home"},"content":{"rendered":"\t\t<div data-elementor-type=\"wp-page\" data-elementor-id=\"241\" class=\"elementor elementor-241\" data-elementor-post-type=\"page\">\n\t\t\t\t<div class=\"elementor-element elementor-element-1697ded0 e-con-full e-flex e-con e-parent\" data-id=\"1697ded0\" data-element_type=\"container\">\n\t\t<div class=\"elementor-element elementor-element-5acba789 e-con-full e-flex e-con e-child\" data-id=\"5acba789\" data-element_type=\"container\">\n\t\t\t\t<div class=\"elementor-element elementor-element-40fbea6f elementor-invisible elementor-widget elementor-widget-heading\" data-id=\"40fbea6f\" data-element_type=\"widget\" data-settings=\"{&quot;_animation&quot;:&quot;fadeInUp&quot;}\" data-widget_type=\"heading.default\">\n\t\t\t\t<div class=\"elementor-widget-container\">\n\t\t\t\t\t<span class=\"elementor-heading-title elementor-size-default\">Legendary<\/span>\t\t\t\t<\/div>\n\t\t\t\t<\/div>\n\t\t<div class=\"elementor-element elementor-element-5b1700be e-con-full e-flex e-con e-child\" data-id=\"5b1700be\" data-element_type=\"container\">\n\t\t\t\t<div class=\"elementor-element elementor-element-40c45974 elementor-widget__width-initial elementor-widget elementor-widget-heading\" data-id=\"40c45974\" data-element_type=\"widget\" data-widget_type=\"heading.default\">\n\t\t\t\t<div class=\"elementor-widget-container\">\n\t\t\t\t\t<h2 class=\"elementor-heading-title elementor-size-default\">Go The Distance, Be a Legend!<\/h2>\t\t\t\t<\/div>\n\t\t\t\t<\/div>\n\t\t\t\t<div class=\"elementor-element elementor-element-1747235 elementor-widget__width-initial elementor-widget elementor-widget-text-editor\" data-id=\"1747235\" data-element_type=\"widget\" data-widget_type=\"text-editor.default\">\n\t\t\t\t<div class=\"elementor-widget-container\">\n\t\t\t\t\t\t\t\t\t<p data-sourcepos=\"14:1-14:148\">Bienvenue chez Legends Trails, o\u00f9 nous cr\u00e9ons des exp\u00e9riences de trail running longue distance inoubliables au c\u0153ur de la Belgique et du Luxembourg.<\/p><p data-sourcepos=\"16:1-16:289\">Plus que de simples courses, nos \u00e9v\u00e9nements sont des voyages de d\u00e9couverte de soi. Nous vous mettons au d\u00e9fi de repousser vos limites au milieu de la beaut\u00e9 \u00e9poustouflante des paysages belges et luxembourgeois, et de forger des liens ind\u00e9fectibles avec d&#8217;autres coureurs en cours de route.<\/p><p data-sourcepos=\"18:1-18:66\">Chez Legends Trails, vous trouverez vos limites&#8230; et votre tribu.<\/p><p data-sourcepos=\"20:1-20:138\">Explorez nos \u00e9v\u00e9nements \u00e0 venir, d\u00e9couvrez notre communaut\u00e9 l\u00e9gendaire et embarquez pour une aventure qui vous accompagnera pour toujours.<\/p>\t\t\t\t\t\t\t\t<\/div>\n\t\t\t\t<\/div>\n\t\t\t\t<div class=\"elementor-element elementor-element-5a47fb20 elementor-invisible elementor-widget elementor-widget-button\" data-id=\"5a47fb20\" data-element_type=\"widget\" data-settings=\"{&quot;_animation&quot;:&quot;fadeInDown&quot;}\" data-widget_type=\"button.default\">\n\t\t\t\t<div class=\"elementor-widget-container\">\n\t\t\t\t\t\t\t\t\t<div class=\"elementor-button-wrapper\">\n\t\t\t\t\t<a class=\"elementor-button elementor-button-link elementor-size-sm elementor-animation-sink\" href=\"#races\">\n\t\t\t\t\t\t<span class=\"elementor-button-content-wrapper\">\n\t\t\t\t\t\t\t\t\t<span class=\"elementor-button-text\">D\u00e9couvrez nos courses<\/span>\n\t\t\t\t\t<\/span>\n\t\t\t\t\t<\/a>\n\t\t\t\t<\/div>\n\t\t\t\t\t\t\t\t<\/div>\n\t\t\t\t<\/div>\n\t\t\t\t<\/div>\n\t\t\t\t<\/div>\n\t\t<div class=\"elementor-element elementor-element-4fa65dce e-con-full e-flex e-con e-child\" data-id=\"4fa65dce\" data-element_type=\"container\" data-settings=\"{&quot;background_background&quot;:&quot;classic&quot;}\">\n\t\t\t\t<\/div>\n\t\t\t\t<\/div>\n\t\t<div class=\"elementor-element elementor-element-3f6dca0d e-con-full e-flex e-con e-parent\" data-id=\"3f6dca0d\" data-element_type=\"container\">\n\t\t\t\t<div class=\"elementor-element elementor-element-fa4c6e6 elementor-widget elementor-widget-menu-anchor\" data-id=\"fa4c6e6\" data-element_type=\"widget\" data-widget_type=\"menu-anchor.default\">\n\t\t\t\t<div class=\"elementor-widget-container\">\n\t\t\t\t\t\t\t<div class=\"elementor-menu-anchor\" id=\"races\"><\/div>\n\t\t\t\t\t\t<\/div>\n\t\t\t\t<\/div>\n\t\t\t\t<div class=\"elementor-element elementor-element-413de1f4 elementor-widget elementor-widget-heading\" data-id=\"413de1f4\" data-element_type=\"widget\" data-widget_type=\"heading.default\">\n\t\t\t\t<div class=\"elementor-widget-container\">\n\t\t\t\t\t<span class=\"elementor-heading-title elementor-size-default\">nos courses<\/span>\t\t\t\t<\/div>\n\t\t\t\t<\/div>\n\t\t<div class=\"elementor-element elementor-element-23871354 e-con-full e-flex e-con e-child\" data-id=\"23871354\" data-element_type=\"container\">\n\t\t<div class=\"elementor-element elementor-element-2791502d e-con-full e-flex e-con e-child\" data-id=\"2791502d\" data-element_type=\"container\">\n\t\t<div class=\"elementor-element elementor-element-23112ef e-con-full e-flex e-con e-child\" data-id=\"23112ef\" data-element_type=\"container\">\n\t\t\t\t<div class=\"elementor-element elementor-element-1580e38c elementor-position-top elementor-widget elementor-widget-image-box\" data-id=\"1580e38c\" data-element_type=\"widget\" data-widget_type=\"image-box.default\">\n\t\t\t\t<div class=\"elementor-widget-container\">\n\t\t\t\t\t<div class=\"elementor-image-box-wrapper\"><figure class=\"elementor-image-box-img\"><img fetchpriority=\"high\" decoding=\"async\" width=\"512\" height=\"512\" src=\"https:\/\/www.legendstrails.be\/wp-content\/uploads\/2025\/11\/GreatEscape_square_512.png\" class=\"elementor-animation-sink attachment-full size-full wp-image-363\" alt=\"\" srcset=\"https:\/\/www.legendstrails.be\/wp-content\/uploads\/2025\/11\/GreatEscape_square_512.png 512w, https:\/\/www.legendstrails.be\/wp-content\/uploads\/2025\/11\/GreatEscape_square_512-300x300.png 300w, https:\/\/www.legendstrails.be\/wp-content\/uploads\/2025\/11\/GreatEscape_square_512-150x150.png 150w\" sizes=\"(max-width: 512px) 100vw, 512px\" \/><\/figure><div class=\"elementor-image-box-content\"><h3 class=\"elementor-image-box-title\">Great Escape<\/h3><p class=\"elementor-image-box-description\">18-20 septembre 2026<br>200km \/ 100km RUN<br>160km \/ 80km WALK<\/p><\/div><\/div>\t\t\t\t<\/div>\n\t\t\t\t<\/div>\n\t\t\t\t<div class=\"elementor-element elementor-element-f65db4b elementor-invisible elementor-widget elementor-widget-button\" data-id=\"f65db4b\" data-element_type=\"widget\" data-settings=\"{&quot;_animation&quot;:&quot;fadeInDown&quot;}\" data-widget_type=\"button.default\">\n\t\t\t\t<div class=\"elementor-widget-container\">\n\t\t\t\t\t\t\t\t\t<div class=\"elementor-button-wrapper\">\n\t\t\t\t\t<a class=\"elementor-button elementor-button-link elementor-size-sm elementor-animation-sink\" href=\"https:\/\/www.great-escape.be\" target=\"_blank\">\n\t\t\t\t\t\t<span class=\"elementor-button-content-wrapper\">\n\t\t\t\t\t\t\t\t\t<span class=\"elementor-button-text\">D\u00e9couvrez<\/span>\n\t\t\t\t\t<\/span>\n\t\t\t\t\t<\/a>\n\t\t\t\t<\/div>\n\t\t\t\t\t\t\t\t<\/div>\n\t\t\t\t<\/div>\n\t\t\t\t<\/div>\n\t\t<div class=\"elementor-element elementor-element-3871c70 e-con-full e-flex e-con e-child\" data-id=\"3871c70\" data-element_type=\"container\">\n\t\t\t\t<div class=\"elementor-element elementor-element-c4e2fe5 elementor-position-top elementor-widget elementor-widget-image-box\" data-id=\"c4e2fe5\" data-element_type=\"widget\" data-widget_type=\"image-box.default\">\n\t\t\t\t<div class=\"elementor-widget-container\">\n\t\t\t\t\t<div class=\"elementor-image-box-wrapper\"><figure class=\"elementor-image-box-img\"><img decoding=\"async\" width=\"512\" height=\"512\" src=\"https:\/\/www.legendstrails.be\/wp-content\/uploads\/2025\/11\/BelloGallico_square_512.png\" class=\"elementor-animation-sink attachment-full size-full wp-image-365\" alt=\"\" srcset=\"https:\/\/www.legendstrails.be\/wp-content\/uploads\/2025\/11\/BelloGallico_square_512.png 512w, https:\/\/www.legendstrails.be\/wp-content\/uploads\/2025\/11\/BelloGallico_square_512-300x300.png 300w, https:\/\/www.legendstrails.be\/wp-content\/uploads\/2025\/11\/BelloGallico_square_512-150x150.png 150w\" sizes=\"(max-width: 512px) 100vw, 512px\" \/><\/figure><div class=\"elementor-image-box-content\"><h3 class=\"elementor-image-box-title\">Bello Gallico<\/h3><p class=\"elementor-image-box-description\">11-13 decembre 2026<br>200km \/ 100km RUN<br>160km \/ 80km WALK<\/p><\/div><\/div>\t\t\t\t<\/div>\n\t\t\t\t<\/div>\n\t\t\t\t<div class=\"elementor-element elementor-element-6a38a1c elementor-invisible elementor-widget elementor-widget-button\" data-id=\"6a38a1c\" data-element_type=\"widget\" data-settings=\"{&quot;_animation&quot;:&quot;fadeInDown&quot;}\" data-widget_type=\"button.default\">\n\t\t\t\t<div class=\"elementor-widget-container\">\n\t\t\t\t\t\t\t\t\t<div class=\"elementor-button-wrapper\">\n\t\t\t\t\t<a class=\"elementor-button elementor-button-link elementor-size-sm elementor-animation-sink\" href=\"https:\/\/www.bellogallico.be\" target=\"_blank\">\n\t\t\t\t\t\t<span class=\"elementor-button-content-wrapper\">\n\t\t\t\t\t\t\t\t\t<span class=\"elementor-button-text\">D\u00e9couvrez<\/span>\n\t\t\t\t\t<\/span>\n\t\t\t\t\t<\/a>\n\t\t\t\t<\/div>\n\t\t\t\t\t\t\t\t<\/div>\n\t\t\t\t<\/div>\n\t\t\t\t<\/div>\n\t\t<div class=\"elementor-element elementor-element-4189b9f8 e-con-full e-flex e-con e-child\" data-id=\"4189b9f8\" data-element_type=\"container\">\n\t\t\t\t<div class=\"elementor-element elementor-element-29a91468 elementor-position-top elementor-widget elementor-widget-image-box\" data-id=\"29a91468\" data-element_type=\"widget\" data-widget_type=\"image-box.default\">\n\t\t\t\t<div class=\"elementor-widget-container\">\n\t\t\t\t\t<div class=\"elementor-image-box-wrapper\"><figure class=\"elementor-image-box-img\"><img decoding=\"async\" width=\"512\" height=\"512\" src=\"https:\/\/www.legendstrails.be\/wp-content\/uploads\/2025\/11\/LegendsTrail_square_512.png\" class=\"elementor-animation-sink attachment-full size-full wp-image-366\" alt=\"\" srcset=\"https:\/\/www.legendstrails.be\/wp-content\/uploads\/2025\/11\/LegendsTrail_square_512.png 512w, https:\/\/www.legendstrails.be\/wp-content\/uploads\/2025\/11\/LegendsTrail_square_512-300x300.png 300w, https:\/\/www.legendstrails.be\/wp-content\/uploads\/2025\/11\/LegendsTrail_square_512-150x150.png 150w\" sizes=\"(max-width: 512px) 100vw, 512px\" \/><\/figure><div class=\"elementor-image-box-content\"><h3 class=\"elementor-image-box-title\">Legends Trail<\/h3><p class=\"elementor-image-box-description\">25 f\u00e9v - 1 mar 2027<br>350km<br>&nbsp;\n<\/p><\/div><\/div>\t\t\t\t<\/div>\n\t\t\t\t<\/div>\n\t\t\t\t<div class=\"elementor-element elementor-element-524ebbf elementor-invisible elementor-widget elementor-widget-button\" data-id=\"524ebbf\" data-element_type=\"widget\" data-settings=\"{&quot;_animation&quot;:&quot;fadeInDown&quot;}\" data-widget_type=\"button.default\">\n\t\t\t\t<div class=\"elementor-widget-container\">\n\t\t\t\t\t\t\t\t\t<div class=\"elementor-button-wrapper\">\n\t\t\t\t\t<a class=\"elementor-button elementor-button-link elementor-size-sm elementor-animation-sink\" href=\"https:\/\/www.legendstrail.be\/\" target=\"_blank\">\n\t\t\t\t\t\t<span class=\"elementor-button-content-wrapper\">\n\t\t\t\t\t\t\t\t\t<span class=\"elementor-button-text\">D\u00e9couvrez<\/span>\n\t\t\t\t\t<\/span>\n\t\t\t\t\t<\/a>\n\t\t\t\t<\/div>\n\t\t\t\t\t\t\t\t<\/div>\n\t\t\t\t<\/div>\n\t\t\t\t<\/div>\n\t\t<div class=\"elementor-element elementor-element-51b9e450 e-con-full e-flex e-con e-child\" data-id=\"51b9e450\" data-element_type=\"container\">\n\t\t\t\t<div class=\"elementor-element elementor-element-6961adeb elementor-position-top elementor-widget elementor-widget-image-box\" data-id=\"6961adeb\" data-element_type=\"widget\" data-widget_type=\"image-box.default\">\n\t\t\t\t<div class=\"elementor-widget-container\">\n\t\t\t\t\t<div class=\"elementor-image-box-wrapper\"><figure class=\"elementor-image-box-img\"><img loading=\"lazy\" decoding=\"async\" width=\"512\" height=\"512\" src=\"https:\/\/www.legendstrails.be\/wp-content\/uploads\/2025\/11\/AnotherOneBitestheDust_square_512-1.png\" class=\"elementor-animation-sink attachment-full size-full wp-image-370\" alt=\"\" srcset=\"https:\/\/www.legendstrails.be\/wp-content\/uploads\/2025\/11\/AnotherOneBitestheDust_square_512-1.png 512w, https:\/\/www.legendstrails.be\/wp-content\/uploads\/2025\/11\/AnotherOneBitestheDust_square_512-1-300x300.png 300w, https:\/\/www.legendstrails.be\/wp-content\/uploads\/2025\/11\/AnotherOneBitestheDust_square_512-1-150x150.png 150w\" sizes=\"(max-width: 512px) 100vw, 512px\" \/><\/figure><div class=\"elementor-image-box-content\"><h3 class=\"elementor-image-box-title\">Another One Bites the Dust<\/h3><p class=\"elementor-image-box-description\">3-5 juillet 2026<br>&nbsp;<br>&nbsp;<\/p><\/div><\/div>\t\t\t\t<\/div>\n\t\t\t\t<\/div>\n\t\t\t\t<div class=\"elementor-element elementor-element-69042f1 elementor-invisible elementor-widget elementor-widget-button\" data-id=\"69042f1\" data-element_type=\"widget\" data-settings=\"{&quot;_animation&quot;:&quot;fadeInDown&quot;}\" data-widget_type=\"button.default\">\n\t\t\t\t<div class=\"elementor-widget-container\">\n\t\t\t\t\t\t\t\t\t<div class=\"elementor-button-wrapper\">\n\t\t\t\t\t<a class=\"elementor-button elementor-button-link elementor-size-sm elementor-animation-sink\" href=\"https:\/\/www.anotheronebitesthedust.be\/\" target=\"_blank\">\n\t\t\t\t\t\t<span class=\"elementor-button-content-wrapper\">\n\t\t\t\t\t\t\t\t\t<span class=\"elementor-button-text\">D\u00e9couvrez<\/span>\n\t\t\t\t\t<\/span>\n\t\t\t\t\t<\/a>\n\t\t\t\t<\/div>\n\t\t\t\t\t\t\t\t<\/div>\n\t\t\t\t<\/div>\n\t\t\t\t<\/div>\n\t\t\t\t<\/div>\n\t\t\t\t<\/div>\n\t\t\t\t<\/div>\n\t\t<div class=\"elementor-element elementor-element-723a6a9b e-con-full e-flex e-con e-parent\" data-id=\"723a6a9b\" data-element_type=\"container\">\n\t\t\t\t<div class=\"elementor-element elementor-element-ccb5e63 elementor-widget elementor-widget-heading\" data-id=\"ccb5e63\" data-element_type=\"widget\" data-widget_type=\"heading.default\">\n\t\t\t\t<div class=\"elementor-widget-container\">\n\t\t\t\t\t<span class=\"elementor-heading-title elementor-size-default\">wall of fame<\/span>\t\t\t\t<\/div>\n\t\t\t\t<\/div>\n\t\t<div class=\"elementor-element elementor-element-692bac71 e-con-full e-flex e-con e-child\" data-id=\"692bac71\" data-element_type=\"container\">\n\t\t\t\t<div class=\"elementor-element elementor-element-ceb23d6 elementor-widget elementor-widget-text-editor\" data-id=\"ceb23d6\" data-element_type=\"widget\" data-widget_type=\"text-editor.default\">\n\t\t\t\t<div class=\"elementor-widget-container\">\n\t\t\t\t\t\t\t\t\t<p>Coming soon, cet espace sera d\u00e9di\u00e9 \u00e0 l&#8217;honneur de nos L\u00e9gendes!<\/p>\t\t\t\t\t\t\t\t<\/div>\n\t\t\t\t<\/div>\n\t\t\t\t<\/div>\n\t\t\t\t<\/div>\n\t\t<div class=\"elementor-element elementor-element-302432ad e-con-full e-flex e-con e-parent\" data-id=\"302432ad\" data-element_type=\"container\">\n\t\t\t\t<div class=\"elementor-element elementor-element-2ab55567 elementor-widget elementor-widget-heading\" data-id=\"2ab55567\" data-element_type=\"widget\" data-widget_type=\"heading.default\">\n\t\t\t\t<div class=\"elementor-widget-container\">\n\t\t\t\t\t<span class=\"elementor-heading-title elementor-size-default\">nos partenaires<\/span>\t\t\t\t<\/div>\n\t\t\t\t<\/div>\n\t\t<div class=\"elementor-element elementor-element-1bdac8b e-con-full e-flex e-con e-child\" data-id=\"1bdac8b\" data-element_type=\"container\">\n\t\t<div class=\"elementor-element elementor-element-e551a81 e-con-full e-flex e-con e-child\" data-id=\"e551a81\" data-element_type=\"container\">\n\t\t\t\t<div class=\"elementor-element elementor-element-f858ac0 elementor-position-top elementor-widget elementor-widget-image-box\" data-id=\"f858ac0\" data-element_type=\"widget\" data-widget_type=\"image-box.default\">\n\t\t\t\t<div class=\"elementor-widget-container\">\n\t\t\t\t\t<div class=\"elementor-image-box-wrapper\"><figure class=\"elementor-image-box-img\"><a href=\"https:\/\/www.legendstracking.com\/\" tabindex=\"-1\"><img loading=\"lazy\" decoding=\"async\" width=\"550\" height=\"550\" src=\"https:\/\/www.legendstrails.be\/wp-content\/uploads\/2026\/03\/CarolineDupont_Green_Transparant_550-2.png\" class=\"attachment-full size-full wp-image-451\" alt=\"\" srcset=\"https:\/\/www.legendstrails.be\/wp-content\/uploads\/2026\/03\/CarolineDupont_Green_Transparant_550-2.png 550w, https:\/\/www.legendstrails.be\/wp-content\/uploads\/2026\/03\/CarolineDupont_Green_Transparant_550-2-300x300.png 300w, https:\/\/www.legendstrails.be\/wp-content\/uploads\/2026\/03\/CarolineDupont_Green_Transparant_550-2-150x150.png 150w\" sizes=\"(max-width: 550px) 100vw, 550px\" \/><\/a><\/figure><div class=\"elementor-image-box-content\"><h3 class=\"elementor-image-box-title\"><a href=\"https:\/\/www.legendstracking.com\/\">Caroline Dupont Photography<\/a><\/h3><p class=\"elementor-image-box-description\">Caroline Dupont Photography capture l\u2019\u00e2me de Legends Trails \u00e0 travers un storytelling visuel puissant et immersif. Des moments intenses de course et des paysages grandioses aux \u00e9motions brutes des athl\u00e8tes, son travail r\u00e9v\u00e8le toute l\u2019exp\u00e9rience du trail. Avec une attention particuli\u00e8re port\u00e9e \u00e0 l\u2019authenticit\u00e9 et \u00e0 l\u2019atmosph\u00e8re, elle traduit des performances uniques en images humaines, pures et marquantes, qui r\u00e9sonnent bien au-del\u00e0 de la course.\n<\/p><\/div><\/div>\t\t\t\t<\/div>\n\t\t\t\t<\/div>\n\t\t\t\t<div class=\"elementor-element elementor-element-1a88b91 elementor-invisible elementor-widget elementor-widget-button\" data-id=\"1a88b91\" data-element_type=\"widget\" data-settings=\"{&quot;_animation&quot;:&quot;fadeInDown&quot;}\" data-widget_type=\"button.default\">\n\t\t\t\t<div class=\"elementor-widget-container\">\n\t\t\t\t\t\t\t\t\t<div class=\"elementor-button-wrapper\">\n\t\t\t\t\t<a class=\"elementor-button elementor-button-link elementor-size-sm elementor-animation-sink\" href=\"https:\/\/ultratrailphotography.com\/\" target=\"_blank\">\n\t\t\t\t\t\t<span class=\"elementor-button-content-wrapper\">\n\t\t\t\t\t\t\t\t\t<span class=\"elementor-button-text\">En Savoir Plus<\/span>\n\t\t\t\t\t<\/span>\n\t\t\t\t\t<\/a>\n\t\t\t\t<\/div>\n\t\t\t\t\t\t\t\t<\/div>\n\t\t\t\t<\/div>\n\t\t\t\t<\/div>\n\t\t<div class=\"elementor-element elementor-element-07a75e6 e-con-full e-flex e-con e-child\" data-id=\"07a75e6\" data-element_type=\"container\">\n\t\t\t\t<div class=\"elementor-element elementor-element-a58eb35 elementor-position-top elementor-widget elementor-widget-image-box\" data-id=\"a58eb35\" data-element_type=\"widget\" data-widget_type=\"image-box.default\">\n\t\t\t\t<div class=\"elementor-widget-container\">\n\t\t\t\t\t<div class=\"elementor-image-box-wrapper\"><figure class=\"elementor-image-box-img\"><a href=\"https:\/\/www.legendstracking.com\/\" tabindex=\"-1\"><img loading=\"lazy\" decoding=\"async\" width=\"550\" height=\"550\" src=\"https:\/\/www.legendstrails.be\/wp-content\/uploads\/2025\/01\/LegendsTrackingDarkBlue_square_transp-1.png\" class=\"attachment-full size-full wp-image-178\" alt=\"\" srcset=\"https:\/\/www.legendstrails.be\/wp-content\/uploads\/2025\/01\/LegendsTrackingDarkBlue_square_transp-1.png 550w, https:\/\/www.legendstrails.be\/wp-content\/uploads\/2025\/01\/LegendsTrackingDarkBlue_square_transp-1-300x300.png 300w, https:\/\/www.legendstrails.be\/wp-content\/uploads\/2025\/01\/LegendsTrackingDarkBlue_square_transp-1-150x150.png 150w\" sizes=\"(max-width: 550px) 100vw, 550px\" \/><\/a><\/figure><div class=\"elementor-image-box-content\"><h3 class=\"elementor-image-box-title\"><a href=\"https:\/\/www.legendstracking.com\/\">Legends Tracking<\/a><\/h3><p class=\"elementor-image-box-description\">Le meilleur fournisseur de suivi d'\u00e9v\u00e9nements au monde ! Transformez votre \u00e9v\u00e9nement en une exp\u00e9rience en direct gr\u00e2ce \u00e0 des appareils GPS tr\u00e8s fiables, suffisamment l\u00e9gers pour \u00eatre transport\u00e9s, mais aussi suffisamment robustes pour vous accompagner dans les environnements les plus difficiles. En tant que directeur de course, vous disposez \u00e9galement d'un outil pr\u00e9cieux pour assurer la s\u00e9curit\u00e9 et l'organisation de votre \u00e9v\u00e9nement.<br>&nbsp;\n\n<\/p><\/div><\/div>\t\t\t\t<\/div>\n\t\t\t\t<\/div>\n\t\t\t\t<div class=\"elementor-element elementor-element-b28d3d5 elementor-invisible elementor-widget elementor-widget-button\" data-id=\"b28d3d5\" data-element_type=\"widget\" data-settings=\"{&quot;_animation&quot;:&quot;fadeInDown&quot;}\" data-widget_type=\"button.default\">\n\t\t\t\t<div class=\"elementor-widget-container\">\n\t\t\t\t\t\t\t\t\t<div class=\"elementor-button-wrapper\">\n\t\t\t\t\t<a class=\"elementor-button elementor-button-link elementor-size-sm elementor-animation-sink\" href=\"https:\/\/www.legendstracking.com\" target=\"_blank\">\n\t\t\t\t\t\t<span class=\"elementor-button-content-wrapper\">\n\t\t\t\t\t\t\t\t\t<span class=\"elementor-button-text\">En Savoir Plus<\/span>\n\t\t\t\t\t<\/span>\n\t\t\t\t\t<\/a>\n\t\t\t\t<\/div>\n\t\t\t\t\t\t\t\t<\/div>\n\t\t\t\t<\/div>\n\t\t\t\t<\/div>\n\t\t<div class=\"elementor-element elementor-element-1516b94 e-con-full e-flex e-con e-child\" data-id=\"1516b94\" data-element_type=\"container\">\n\t\t\t\t<div class=\"elementor-element elementor-element-6241c67 elementor-position-top elementor-widget elementor-widget-image-box\" data-id=\"6241c67\" data-element_type=\"widget\" data-widget_type=\"image-box.default\">\n\t\t\t\t<div class=\"elementor-widget-container\">\n\t\t\t\t\t<div class=\"elementor-image-box-wrapper\"><figure class=\"elementor-image-box-img\"><a href=\"https:\/\/library.elementor.com\/local-services-wireframe-3-flexbox\/services\/#service2\" tabindex=\"-1\"><img loading=\"lazy\" decoding=\"async\" width=\"550\" height=\"550\" src=\"https:\/\/www.legendstrails.be\/wp-content\/uploads\/2025\/01\/kerel-bier-1.jpg\" class=\"attachment-full size-full wp-image-179\" alt=\"\" srcset=\"https:\/\/www.legendstrails.be\/wp-content\/uploads\/2025\/01\/kerel-bier-1.jpg 550w, https:\/\/www.legendstrails.be\/wp-content\/uploads\/2025\/01\/kerel-bier-1-300x300.jpg 300w, https:\/\/www.legendstrails.be\/wp-content\/uploads\/2025\/01\/kerel-bier-1-150x150.jpg 150w\" sizes=\"(max-width: 550px) 100vw, 550px\" \/><\/a><\/figure><div class=\"elementor-image-box-content\"><h3 class=\"elementor-image-box-title\"><a href=\"https:\/\/library.elementor.com\/local-services-wireframe-3-flexbox\/services\/#service2\">VBDCK Brewery<\/a><\/h3><p class=\"elementor-image-box-description\">Dans un pays r\u00e9put\u00e9 pour sa culture de la bi\u00e8re, nous sommes fiers d'appeler la brasserie VBDCK notre sponsor. Leurs bi\u00e8res Kerel sont le summum de la bi\u00e8re artisanale belge et de l'entrepreneuriat familial. Ils ont une bi\u00e8re pour tous les go\u00fbts. Oh, et avons-nous mentionn\u00e9 que nous adorons leur marketing, alors jetez un coup d'\u0153il \u00e0 leurs produits d\u00e9riv\u00e9s \u00e9galement. Le brasseur, Jozef De Cock, est \u00e9galement un ultra-coureur chevronn\u00e9.<br>&nbsp;\n\n<\/p><\/div><\/div>\t\t\t\t<\/div>\n\t\t\t\t<\/div>\n\t\t\t\t<div class=\"elementor-element elementor-element-cf14bc5 elementor-invisible elementor-widget elementor-widget-button\" data-id=\"cf14bc5\" data-element_type=\"widget\" data-settings=\"{&quot;_animation&quot;:&quot;fadeInDown&quot;}\" data-widget_type=\"button.default\">\n\t\t\t\t<div class=\"elementor-widget-container\">\n\t\t\t\t\t\t\t\t\t<div class=\"elementor-button-wrapper\">\n\t\t\t\t\t<a class=\"elementor-button elementor-button-link elementor-size-sm elementor-animation-sink\" href=\"https:\/\/vbdck.be\/\" target=\"_blank\">\n\t\t\t\t\t\t<span class=\"elementor-button-content-wrapper\">\n\t\t\t\t\t\t\t\t\t<span class=\"elementor-button-text\">En Savoir Plus<\/span>\n\t\t\t\t\t<\/span>\n\t\t\t\t\t<\/a>\n\t\t\t\t<\/div>\n\t\t\t\t\t\t\t\t<\/div>\n\t\t\t\t<\/div>\n\t\t\t\t<\/div>\n\t\t\t\t<\/div>\n\t\t\t\t<\/div>\n\t\t<div class=\"elementor-element elementor-element-1008eb2 e-con-full e-flex e-con e-parent\" data-id=\"1008eb2\" data-element_type=\"container\" data-settings=\"{&quot;background_background&quot;:&quot;classic&quot;}\">\n\t\t\t\t<div class=\"elementor-element elementor-element-162cea24 elementor-invisible elementor-widget elementor-widget-heading\" data-id=\"162cea24\" data-element_type=\"widget\" data-settings=\"{&quot;_animation&quot;:&quot;fadeInUp&quot;}\" data-widget_type=\"heading.default\">\n\t\t\t\t<div class=\"elementor-widget-container\">\n\t\t\t\t\t<span class=\"elementor-heading-title elementor-size-default\">Legends Trails<\/span>\t\t\t\t<\/div>\n\t\t\t\t<\/div>\n\t\t\t\t<\/div>\n\t\t\t\t<\/div>\n\t\t","protected":false},"excerpt":{"rendered":"<p>Legendary Go The Distance, Be a Legend! Bienvenue chez Legends Trails, o\u00f9 nous cr\u00e9ons des exp\u00e9riences de trail running longue distance inoubliables au c\u0153ur de la Belgique et du Luxembourg. Plus que de simples courses, nos \u00e9v\u00e9nements sont des voyages de d\u00e9couverte de soi. Nous vous mettons au d\u00e9fi de repousser vos limites au milieu [&hellip;]<\/p>\n","protected":false},"author":1,"featured_media":0,"parent":0,"menu_order":0,"comment_status":"closed","ping_status":"closed","template":"elementor_header_footer","meta":{"footnotes":""},"class_list":["post-241","page","type-page","status-publish","hentry"],"aioseo_notices":[],"_links":{"self":[{"href":"https:\/\/www.legendstrails.be\/index.php?rest_route=\/wp\/v2\/pages\/241","targetHints":{"allow":["GET"]}}],"collection":[{"href":"https:\/\/www.legendstrails.be\/index.php?rest_route=\/wp\/v2\/pages"}],"about":[{"href":"https:\/\/www.legendstrails.be\/index.php?rest_route=\/wp\/v2\/types\/page"}],"author":[{"embeddable":true,"href":"https:\/\/www.legendstrails.be\/index.php?rest_route=\/wp\/v2\/users\/1"}],"replies":[{"embeddable":true,"href":"https:\/\/www.legendstrails.be\/index.php?rest_route=%2Fwp%2Fv2%2Fcomments&post=241"}],"version-history":[{"count":55,"href":"https:\/\/www.legendstrails.be\/index.php?rest_route=\/wp\/v2\/pages\/241\/revisions"}],"predecessor-version":[{"id":469,"href":"https:\/\/www.legendstrails.be\/index.php?rest_route=\/wp\/v2\/pages\/241\/revisions\/469"}],"wp:attachment":[{"href":"https:\/\/www.legendstrails.be\/index.php?rest_route=%2Fwp%2Fv2%2Fmedia&parent=241"}],"curies":[{"name":"wp","href":"https:\/\/api.w.org\/{rel}","templated":true}]}}